{"id":5425,"date":"2021-03-24T14:16:57","date_gmt":"2021-03-24T14:16:57","guid":{"rendered":"http:\/\/caminosinteriores.com\/?page_id=5425"},"modified":"2025-06-27T20:40:50","modified_gmt":"2025-06-27T20:40:50","slug":"neurocoaching-de-ingenio","status":"publish","type":"page","link":"https:\/\/caminosinteriores.com\/index.php\/neurocoaching-de-ingenio\/","title":{"rendered":"Neurocoaching de ingenio"},"content":{"rendered":"<p>[et_pb_section fb_built=&#8221;1&#8243; next_background_color=&#8221;#ffffff&#8221; _builder_version=&#8221;4.27.4&#8243; use_background_color_gradient=&#8221;on&#8221; background_color_gradient_type=&#8221;circular&#8221; background_color_gradient_direction_radial=&#8221;top left&#8221; background_color_gradient_stops=&#8221;rgba(255,227,208,0.7) 50%|rgba(255,227,208,0.3) 100%&#8221; background_color_gradient_overlays_image=&#8221;on&#8221; background_color_gradient_start=&#8221;rgba(255,227,208,0.7)&#8221; background_color_gradient_start_position=&#8221;50%&#8221; background_color_gradient_end=&#8221;rgba(255,227,208,0.3)&#8221; background_image=&#8221;http:\/\/caminosinteriores.com\/wp-content\/uploads\/2021\/03\/NEUROCOACHING-DE-INGENIO-.jpg&#8221; min_height=&#8221;537.4px&#8221; custom_margin=&#8221;||||false&#8221; custom_padding=&#8221;11vw||4vw||false|false&#8221; bottom_divider_style=&#8221;curve&#8221; bottom_divider_height=&#8221;2.5vw&#8221; locked=&#8221;off&#8221; global_colors_info=&#8221;{}&#8221;][et_pb_row _builder_version=&#8221;4.27.4&#8243; custom_margin=&#8221;5%|auto|5%|auto|false|false&#8221; animation_style=&#8221;fade&#8221; hover_enabled=&#8221;0&#8243; global_colors_info=&#8221;{}&#8221; sticky_enabled=&#8221;0&#8243;][et_pb_column type=&#8221;4_4&#8243; _builder_version=&#8221;4.16&#8243; custom_padding=&#8221;|||&#8221; global_colors_info=&#8221;{}&#8221; custom_padding__hover=&#8221;|||&#8221;][et_pb_text _builder_version=&#8221;4.27.4&#8243; text_font=&#8221;||||||||&#8221; text_font_size=&#8221;18px&#8221; text_line_height=&#8221;2em&#8221; header_font=&#8221;Montserrat||||||||&#8221; header_font_size=&#8221;50px&#8221; header_line_height=&#8221;1.4em&#8221; text_orientation=&#8221;center&#8221; max_width=&#8221;700px&#8221; module_alignment=&#8221;center&#8221; hover_enabled=&#8221;0&#8243; header_font_size_tablet=&#8221;40px&#8221; header_font_size_phone=&#8221;24px&#8221; header_font_size_last_edited=&#8221;on|phone&#8221; global_colors_info=&#8221;{}&#8221; sticky_enabled=&#8221;0&#8243;]<\/p>\n<h1>Neurocoaching de Ingenio<\/h1>\n<p>[\/et_pb_text][\/et_pb_column][\/et_pb_row][\/et_pb_section][et_pb_section fb_built=&#8221;1&#8243; module_id=&#8221;constelaciones-texto&#8221; _builder_version=&#8221;4.16&#8243; _module_preset=&#8221;default&#8221; min_height=&#8221;2839.4px&#8221; custom_margin=&#8221;0px|||||&#8221; locked=&#8221;off&#8221; global_colors_info=&#8221;{}&#8221;][et_pb_row _builder_version=&#8221;4.16&#8243; _module_preset=&#8221;default&#8221; global_colors_info=&#8221;{}&#8221;][et_pb_column type=&#8221;4_4&#8243; _builder_version=&#8221;4.16&#8243; _module_preset=&#8221;default&#8221; global_colors_info=&#8221;{}&#8221;][et_pb_text _builder_version=&#8221;4.16&#8243; _module_preset=&#8221;default&#8221; text_font_size=&#8221;16px&#8221; text_line_height=&#8221;2em&#8221; global_colors_info=&#8221;{}&#8221;]<\/p>\n<p><span style=\"font-weight: 400;\">Integrar nuevas neuronas es posible\u2026<\/span><\/p>\n<p><span style=\"font-size: 16px;\">Comienzo siempre mis escritos contando como llegue a cada formaci\u00f3n en la que me define como una terapeuta integral.\u00a0<\/span><\/p>\n<p>\u00a0<span style=\"font-weight: 400;\">Mi modo de proceder en la vida siempre es desde la \u201cexperimentaci\u00f3n y la observaci\u00f3n\u201d, pero teniendo en cuenta que \u201clos conocimientos\u201d son necesarios para \u201cel logro\u201d de cada \u201cmeta\u201d que me propongo.\u00a0<\/span><\/p>\n<p><span style=\"font-size: 16px;\">En este recorrido del \u201cautoconocimiento\u201d detalle importante \u201cpara conocernos a nosotros mismos\u201d y base para el desarrollo de\u00a0 nuestras \u201ccompetencias\u201d,\u00a0 percib\u00ed con herramientas de Neurodecodificaci\u00f3n Laboral\u00a0 \u201ccreencias\u201d\u00a0 que me ten\u00eda como barco altamar \u00a0 sin\u00a0 br\u00fajula, conoc\u00eda \u201cmis potencialidades\u201d, como \u201cmis recursos\u201d\u00a0 pero a\u00fan no ten\u00eda \u201cclaro\u201d como desplegarlos y es ah\u00ed cuando decid\u00ed hacer la formaci\u00f3n de Neurocoaching de Ingenio y pude entender la forma de \u201ccomportamiento que tiene mi cerebro\u201d, \u201cla comunicaci\u00f3n entre\u00a0 mis neuronas: \u00bfqu\u00e9 son las sinapsis?\u201d,\u00a0 \u201cmi preferencia cerebral natural\u201d y\u00a0 el porqu\u00e9 de mi \u201cadaptaci\u00f3n\u201d a un cuadrante cerebral\u00a0 por mi cultura.<\/span><\/p>\n<p>\u00a0<span style=\"font-size: 16px;\">Esto me hizo tomar consciencia de c\u00f3mo \u201crespetar mi cerebro\u201d,\u00a0 lo que significa \u201cla salud\u201d\u00a0 y como con \u201cmis dominancias cerebrales integradas\u201d tengo mayor rapidez para\u00a0 el logro de \u201cmis metas\u201d y el cuidado de mi propio \u201cbienestar\u201d.\u00a0\u00a0<\/span><\/p>\n<p>&nbsp;<\/p>\n<p><span style=\"font-size: 16px;\">\u00bfQUE ES EL NEUROCOACHING DE INGENIO?<\/span><\/p>\n<p>\u00a0<span style=\"font-size: 16px;\">La palabra coaching es una palabra inglesa que significa \u201centrenamiento\u201d, \u201cel coach\u201d es\u00a0 quien entrena y el \u201ccoachee\u201d el cliente, es decir quien es \u201centrenado\u201d.\u00a0<\/span><\/p>\n<p><span style=\"font-size: 16px;\">En la antig\u00fcedad se destac\u00f3 en este tema \u201cel fil\u00f3sofo S\u00f3crates\u201d al que\u00a0 denomin\u00f3 m\u00e9todo may\u00e9utica;\u00a0 \u201ces el arte de ayudar a parir\u201d,\u00a0 le ense\u00f1aba a las personas \u201ca descubrir\u00a0 la verdad por s\u00ed misma\u201d,\u00a0 a dar a luz: \u201cideas\u201d.\u00a0<\/span><\/p>\n<p><span style=\"font-size: 16px;\">\u201cEl Neurocoaching de Ingenio\u201d es una nueva corriente basada en lo que \u201clas\u00a0 neurociencias\u201d nos ense\u00f1an, hacer un uso correcto de nuestro \u201ccerebro\u201d, conocer\u00a0 \u201csu\u00a0 funcionamiento\u201d y el comportamiento de nuestros \u201cmapas mentales\u201d para entender c\u00f3mo \u201cactuamos\u201d y \u201cdecidimos\u201d.\u00a0<\/span><\/p>\n<p><span style=\"font-size: 16px;\">Esto se aborda\u00a0 con\u00a0 \u201cingenio\u201d a trav\u00e9s de\u00a0 \u201ccreatividad\u201d, \u201cdeterminaci\u00f3n\u201d,\u00a0 \u201cpasi\u00f3n\u201d,\u00a0 \u201cintuici\u00f3n\u201d y \u201cresiliencia\u201d.\u00a0 \u00a0<\/span><\/p>\n<p><span style=\"font-size: 16px;\">\u201cEl Neurocoaching de ingenio\u201d se enfoca en \u201cel\u00a0 modelo de dominancia cerebral\u201d planteado por\u00a0 \u201cNed Herrmann\u201d, un investigador norteamericano\u00a0 que\u00a0 determin\u00f3 que\u00a0 el funcionamiento del cerebro humano es conducido por \u201ccuatro cuadrantes interconectados\u201d.<\/span><\/p>\n<p><span style=\"font-size: 16px;\">As\u00ed, estas \u201ccuatro modalidades de procesamiento mental\u201d representan diferentes\u00a0 maneras de\u00a0 \u201coperar\u201d, \u201ccrear\u201d, \u201caprender\u201d y \u201cconvivir con el mundo\u201d.<\/span><\/p>\n<p>[\/et_pb_text][et_pb_image src=&#8221;http:\/\/caminosinteriores.com\/wp-content\/uploads\/2021\/03\/NEUROCOACHING-DE-INGENIO-MODELO-DE-HERMMAN-.png&#8221; title_text=&#8221;NEUROCOACHING DE INGENIO &#8211; MODELO DE HERMMAN&#8221; _builder_version=&#8221;4.16&#8243; _module_preset=&#8221;default&#8221; global_colors_info=&#8221;{}&#8221;][\/et_pb_image][et_pb_text _builder_version=&#8221;4.16&#8243; _module_preset=&#8221;default&#8221; text_font_size=&#8221;16px&#8221; text_line_height=&#8221;2em&#8221; global_colors_info=&#8221;{}&#8221;]<\/p>\n<p><span style=\"font-size: 16px;\">Si deseas saber cu\u00e1l es \u201ctu estilo de aprendizaje\u201d, \u201ctu dominancia cerebral\u201d\u00a0 te ofrezco como parte de la sesi\u00f3n\u00a0 la lectura de \u201ctu\u00a0 mapa mental\u201d a trav\u00e9s de \u201cun test\u201d\u00a0 (Benziger) en conjunto con la RED INS.E. INSTITUTO ENFOCATE\u00a0 https:\/\/redinse.com\/\u00a0 y la devoluci\u00f3n del mismo\u00a0 por la coach Ivana Peralta.<\/span><\/p>\n<p>\u00a0<span style=\"font-size: 16px;\">De este modo \u201cla estrategia\u201d de estos tiempos para acompa\u00f1ar a la persona o grupos desde la consultor\u00eda psicol\u00f3gica\u00a0 del espacio\u00a0 \u201cCaminos Interiores\u201d\u00a0 ser\u00e1 integrando herramientas de intervenci\u00f3n aprendidas como PNL, decodificaci\u00f3n biol\u00f3gica, constelaciones familiares, NDLyO,\u00a0 acompa\u00f1amiento disciplinario y NCI.\u00a0\u00a0<\/span><\/p>\n<p>\u00a0<span style=\"font-size: 16px;\">Cada \u201cacci\u00f3n\u201d en nuestro diario vivir est\u00e1 dirigida por un \u201cpensamiento\u201d que deviene de una \u201cemoci\u00f3n\u201d y esta\u00a0 de una creencia.\u00a0 \u00a0<\/span><\/p>\n<p>\u00a0<span style=\"font-size: 16px;\">\u00bfTe animas a descubrir cu\u00e1l es \u201cel costo\u201d y \u201cel beneficio\u201d de ello?\u00a0 \u00bfY si es m\u00e1s costo que beneficio? \u00bfEst\u00e1s listo para crear un nuevo \u201cplan de acci\u00f3n\u201d en tu vida?\u00a0<\/span><\/p>\n<p>\u00a0<span style=\"font-size: 16px;\">Te espero.<\/span><\/p>\n<p><span>Cintia Maria Biciuffa.<\/span><\/p>\n<p>[\/et_pb_text][et_pb_video src=&#8221;https:\/\/www.youtube.com\/watch?v=pZAu5qZm5Cs&#8221; _builder_version=&#8221;4.16&#8243; _module_preset=&#8221;default&#8221; global_colors_info=&#8221;{}&#8221;][\/et_pb_video][\/et_pb_column][\/et_pb_row][\/et_pb_section]<\/p>\n","protected":false},"excerpt":{"rendered":"<p>Neurocoaching de IngenioIntegrar nuevas neuronas es posible\u2026 Comienzo siempre mis escritos contando como llegue a cada formaci\u00f3n en la que me define como una terapeuta integral.\u00a0 \u00a0Mi modo de proceder en la vida siempre es desde la \u201cexperimentaci\u00f3n y la observaci\u00f3n\u201d, pero teniendo en cuenta que \u201clos conocimientos\u201d son necesarios para \u201cel logro\u201d de cada [&hellip;]<\/p>\n","protected":false},"author":1,"featured_media":0,"parent":0,"menu_order":0,"comment_status":"closed","ping_status":"closed","template":"","meta":{"_et_pb_use_builder":"on","_et_pb_old_content":"","_et_gb_content_width":"","_joinchat":[],"footnotes":""},"class_list":["post-5425","page","type-page","status-publish","hentry"],"yoast_head":"<!-- This site is optimized with the Yoast SEO plugin v26.7 - https:\/\/yoast.com\/wordpress\/plugins\/seo\/ -->\n<title>Neurocoaching de ingenio | Caminos Interiores<\/title>\n<meta name=\"description\" content=\"Espacio para el desarrollo de tu proceso de crecimiento y evoluci\u00f3n personal.\" \/>\n<meta name=\"robots\" content=\"index, follow, max-snippet:-1, max-image-preview:large, max-video-preview:-1\" \/>\n<link rel=\"canonical\" href=\"https:\/\/caminosinteriores.com\/index.php\/neurocoaching-de-ingenio\/\" \/>\n<meta property=\"og:locale\" content=\"es_ES\" \/>\n<meta property=\"og:type\" content=\"article\" \/>\n<meta property=\"og:title\" content=\"Neurocoaching de ingenio | Caminos Interiores\" \/>\n<meta property=\"og:description\" content=\"Espacio para el desarrollo de tu proceso de crecimiento y evoluci\u00f3n personal.\" \/>\n<meta property=\"og:url\" content=\"https:\/\/caminosinteriores.com\/index.php\/neurocoaching-de-ingenio\/\" \/>\n<meta property=\"og:site_name\" content=\"Caminos Interiores\" \/>\n<meta property=\"article:modified_time\" content=\"2025-06-27T20:40:50+00:00\" \/>\n<meta name=\"twitter:card\" content=\"summary_large_image\" \/>\n<meta name=\"twitter:label1\" content=\"Tiempo de lectura\" \/>\n\t<meta name=\"twitter:data1\" content=\"5 minutos\" \/>\n<script type=\"application\/ld+json\" class=\"yoast-schema-graph\">{\"@context\":\"https:\/\/schema.org\",\"@graph\":[{\"@type\":\"WebPage\",\"@id\":\"https:\/\/caminosinteriores.com\/index.php\/neurocoaching-de-ingenio\/\",\"url\":\"https:\/\/caminosinteriores.com\/index.php\/neurocoaching-de-ingenio\/\",\"name\":\"Neurocoaching de ingenio | Caminos Interiores\",\"isPartOf\":{\"@id\":\"https:\/\/caminosinteriores.com\/#website\"},\"datePublished\":\"2021-03-24T14:16:57+00:00\",\"dateModified\":\"2025-06-27T20:40:50+00:00\",\"description\":\"Espacio para el desarrollo de tu proceso de crecimiento y evoluci\u00f3n personal.\",\"breadcrumb\":{\"@id\":\"https:\/\/caminosinteriores.com\/index.php\/neurocoaching-de-ingenio\/#breadcrumb\"},\"inLanguage\":\"es-AR\",\"potentialAction\":[{\"@type\":\"ReadAction\",\"target\":[\"https:\/\/caminosinteriores.com\/index.php\/neurocoaching-de-ingenio\/\"]}]},{\"@type\":\"BreadcrumbList\",\"@id\":\"https:\/\/caminosinteriores.com\/index.php\/neurocoaching-de-ingenio\/#breadcrumb\",\"itemListElement\":[{\"@type\":\"ListItem\",\"position\":1,\"name\":\"Inicio\",\"item\":\"https:\/\/caminosinteriores.com\/\"},{\"@type\":\"ListItem\",\"position\":2,\"name\":\"Neurocoaching de ingenio\"}]},{\"@type\":\"WebSite\",\"@id\":\"https:\/\/caminosinteriores.com\/#website\",\"url\":\"https:\/\/caminosinteriores.com\/\",\"name\":\"Caminos Interiores\",\"description\":\"Cintia Biciuffa\",\"publisher\":{\"@id\":\"https:\/\/caminosinteriores.com\/#organization\"},\"potentialAction\":[{\"@type\":\"SearchAction\",\"target\":{\"@type\":\"EntryPoint\",\"urlTemplate\":\"https:\/\/caminosinteriores.com\/?s={search_term_string}\"},\"query-input\":{\"@type\":\"PropertyValueSpecification\",\"valueRequired\":true,\"valueName\":\"search_term_string\"}}],\"inLanguage\":\"es-AR\"},{\"@type\":\"Organization\",\"@id\":\"https:\/\/caminosinteriores.com\/#organization\",\"name\":\"Caminos Interiores\",\"url\":\"https:\/\/caminosinteriores.com\/\",\"logo\":{\"@type\":\"ImageObject\",\"inLanguage\":\"es-AR\",\"@id\":\"https:\/\/caminosinteriores.com\/#\/schema\/logo\/image\/\",\"url\":\"https:\/\/caminosinteriores.com\/wp-content\/uploads\/2020\/07\/logo.png\",\"contentUrl\":\"https:\/\/caminosinteriores.com\/wp-content\/uploads\/2020\/07\/logo.png\",\"width\":1000,\"height\":225,\"caption\":\"Caminos Interiores\"},\"image\":{\"@id\":\"https:\/\/caminosinteriores.com\/#\/schema\/logo\/image\/\"}}]}<\/script>\n<!-- \/ Yoast SEO plugin. -->","yoast_head_json":{"title":"Neurocoaching de ingenio | Caminos Interiores","description":"Espacio para el desarrollo de tu proceso de crecimiento y evoluci\u00f3n personal.","robots":{"index":"index","follow":"follow","max-snippet":"max-snippet:-1","max-image-preview":"max-image-preview:large","max-video-preview":"max-video-preview:-1"},"canonical":"https:\/\/caminosinteriores.com\/index.php\/neurocoaching-de-ingenio\/","og_locale":"es_ES","og_type":"article","og_title":"Neurocoaching de ingenio | Caminos Interiores","og_description":"Espacio para el desarrollo de tu proceso de crecimiento y evoluci\u00f3n personal.","og_url":"https:\/\/caminosinteriores.com\/index.php\/neurocoaching-de-ingenio\/","og_site_name":"Caminos Interiores","article_modified_time":"2025-06-27T20:40:50+00:00","twitter_card":"summary_large_image","twitter_misc":{"Tiempo de lectura":"5 minutos"},"schema":{"@context":"https:\/\/schema.org","@graph":[{"@type":"WebPage","@id":"https:\/\/caminosinteriores.com\/index.php\/neurocoaching-de-ingenio\/","url":"https:\/\/caminosinteriores.com\/index.php\/neurocoaching-de-ingenio\/","name":"Neurocoaching de ingenio | Caminos Interiores","isPartOf":{"@id":"https:\/\/caminosinteriores.com\/#website"},"datePublished":"2021-03-24T14:16:57+00:00","dateModified":"2025-06-27T20:40:50+00:00","description":"Espacio para el desarrollo de tu proceso de crecimiento y evoluci\u00f3n personal.","breadcrumb":{"@id":"https:\/\/caminosinteriores.com\/index.php\/neurocoaching-de-ingenio\/#breadcrumb"},"inLanguage":"es-AR","potentialAction":[{"@type":"ReadAction","target":["https:\/\/caminosinteriores.com\/index.php\/neurocoaching-de-ingenio\/"]}]},{"@type":"BreadcrumbList","@id":"https:\/\/caminosinteriores.com\/index.php\/neurocoaching-de-ingenio\/#breadcrumb","itemListElement":[{"@type":"ListItem","position":1,"name":"Inicio","item":"https:\/\/caminosinteriores.com\/"},{"@type":"ListItem","position":2,"name":"Neurocoaching de ingenio"}]},{"@type":"WebSite","@id":"https:\/\/caminosinteriores.com\/#website","url":"https:\/\/caminosinteriores.com\/","name":"Caminos Interiores","description":"Cintia Biciuffa","publisher":{"@id":"https:\/\/caminosinteriores.com\/#organization"},"potentialAction":[{"@type":"SearchAction","target":{"@type":"EntryPoint","urlTemplate":"https:\/\/caminosinteriores.com\/?s={search_term_string}"},"query-input":{"@type":"PropertyValueSpecification","valueRequired":true,"valueName":"search_term_string"}}],"inLanguage":"es-AR"},{"@type":"Organization","@id":"https:\/\/caminosinteriores.com\/#organization","name":"Caminos Interiores","url":"https:\/\/caminosinteriores.com\/","logo":{"@type":"ImageObject","inLanguage":"es-AR","@id":"https:\/\/caminosinteriores.com\/#\/schema\/logo\/image\/","url":"https:\/\/caminosinteriores.com\/wp-content\/uploads\/2020\/07\/logo.png","contentUrl":"https:\/\/caminosinteriores.com\/wp-content\/uploads\/2020\/07\/logo.png","width":1000,"height":225,"caption":"Caminos Interiores"},"image":{"@id":"https:\/\/caminosinteriores.com\/#\/schema\/logo\/image\/"}}]}},"_links":{"self":[{"href":"https:\/\/caminosinteriores.com\/index.php\/wp-json\/wp\/v2\/pages\/5425","targetHints":{"allow":["GET"]}}],"collection":[{"href":"https:\/\/caminosinteriores.com\/index.php\/wp-json\/wp\/v2\/pages"}],"about":[{"href":"https:\/\/caminosinteriores.com\/index.php\/wp-json\/wp\/v2\/types\/page"}],"author":[{"embeddable":true,"href":"https:\/\/caminosinteriores.com\/index.php\/wp-json\/wp\/v2\/users\/1"}],"replies":[{"embeddable":true,"href":"https:\/\/caminosinteriores.com\/index.php\/wp-json\/wp\/v2\/comments?post=5425"}],"version-history":[{"count":8,"href":"https:\/\/caminosinteriores.com\/index.php\/wp-json\/wp\/v2\/pages\/5425\/revisions"}],"predecessor-version":[{"id":5613,"href":"https:\/\/caminosinteriores.com\/index.php\/wp-json\/wp\/v2\/pages\/5425\/revisions\/5613"}],"wp:attachment":[{"href":"https:\/\/caminosinteriores.com\/index.php\/wp-json\/wp\/v2\/media?parent=5425"}],"curies":[{"name":"wp","href":"https:\/\/api.w.org\/{rel}","templated":true}]}}