{"id":1974,"date":"2020-07-18T18:21:53","date_gmt":"2020-07-18T18:21:53","guid":{"rendered":"http:\/\/caminosinteriores.com\/?page_id=1974"},"modified":"2025-06-27T20:42:15","modified_gmt":"2025-06-27T20:42:15","slug":"trabajo-interdisciplinario","status":"publish","type":"page","link":"https:\/\/caminosinteriores.com\/index.php\/trabajo-interdisciplinario\/","title":{"rendered":"Trabajo Interdisciplinario"},"content":{"rendered":"<p>[et_pb_section fb_built=&#8221;1&#8243; next_background_color=&#8221;#ffffff&#8221; _builder_version=&#8221;4.27.4&#8243; use_background_color_gradient=&#8221;on&#8221; background_color_gradient_type=&#8221;circular&#8221; background_color_gradient_direction_radial=&#8221;top left&#8221; background_color_gradient_stops=&#8221;rgba(255,227,208,0.7) 50%|rgba(255,227,208,0.3) 100%&#8221; background_color_gradient_overlays_image=&#8221;on&#8221; background_color_gradient_start=&#8221;rgba(255,227,208,0.7)&#8221; background_color_gradient_start_position=&#8221;50%&#8221; background_color_gradient_end=&#8221;rgba(255,227,208,0.3)&#8221; background_image=&#8221;http:\/\/caminosinteriores.com\/wp-content\/uploads\/2025\/06\/DSC_8191-1-scaled.jpg&#8221; custom_margin=&#8221;||||false&#8221; custom_padding=&#8221;14vw||4vw||false|false&#8221; bottom_divider_style=&#8221;curve&#8221; bottom_divider_height=&#8221;2.5vw&#8221; global_colors_info=&#8221;{}&#8221;][et_pb_row _builder_version=&#8221;4.27.4&#8243; custom_margin=&#8221;5%|auto|5%|auto|false|false&#8221; animation_style=&#8221;fade&#8221; hover_enabled=&#8221;0&#8243; global_colors_info=&#8221;{}&#8221; sticky_enabled=&#8221;0&#8243;][et_pb_column type=&#8221;4_4&#8243; _builder_version=&#8221;4.16&#8243; custom_padding=&#8221;|||&#8221; global_colors_info=&#8221;{}&#8221; custom_padding__hover=&#8221;|||&#8221;][et_pb_text _builder_version=&#8221;4.27.4&#8243; text_font=&#8221;||||||||&#8221; text_font_size=&#8221;18px&#8221; text_line_height=&#8221;2em&#8221; header_font=&#8221;Montserrat||||||||&#8221; header_font_size=&#8221;50px&#8221; header_line_height=&#8221;1.4em&#8221; text_orientation=&#8221;center&#8221; max_width=&#8221;736px&#8221; module_alignment=&#8221;center&#8221; custom_margin=&#8221;|207px||||&#8221; hover_enabled=&#8221;0&#8243; header_font_size_tablet=&#8221;40px&#8221; header_font_size_phone=&#8221;24px&#8221; header_font_size_last_edited=&#8221;on|phone&#8221; global_colors_info=&#8221;{}&#8221; sticky_enabled=&#8221;0&#8243;]<\/p>\n<h1>Acompa\u00f1amiento Interdisciplinario<\/h1>\n<p>[\/et_pb_text][\/et_pb_column][\/et_pb_row][\/et_pb_section][et_pb_section fb_built=&#8221;1&#8243; admin_label=&#8221;My Experience&#8221; _builder_version=&#8221;4.16&#8243; global_colors_info=&#8221;{}&#8221;][et_pb_row _builder_version=&#8221;4.16&#8243; _module_preset=&#8221;default&#8221; global_colors_info=&#8221;{}&#8221;][et_pb_column type=&#8221;4_4&#8243; _builder_version=&#8221;4.16&#8243; _module_preset=&#8221;default&#8221; global_colors_info=&#8221;{}&#8221;][et_pb_text module_id=&#8221;interdisciplinario&#8221; _builder_version=&#8221;4.16&#8243; _module_preset=&#8221;default&#8221; global_colors_info=&#8221;{}&#8221;]<\/p>\n<h1 style=\"text-align: center;\">Procesos de desarrollo personal o grupal con equipos interdisciplinario<\/h1>\n<p>[\/et_pb_text][et_pb_text _builder_version=&#8221;4.16&#8243; _module_preset=&#8221;default&#8221; global_colors_info=&#8221;{}&#8221;]<\/p>\n<p><span>Como nueva alternativa, \u00a0\u201cCaminos Interiores\u201d ofrece una nueva forma de trabajo conjuntamente desde lo interdisciplinario con diferentes grupos de distintas formaciones acad\u00e9micas y experiencias profesionales con un mismo objetivo: La investigaci\u00f3n y el acompa\u00f1amiento en equipos para el desarrollo de procesos personales o grupales.<\/span><\/p>\n<p>[\/et_pb_text][\/et_pb_column][\/et_pb_row][et_pb_row column_structure=&#8221;1_3,1_3,1_3&#8243; _builder_version=&#8221;4.16&#8243; global_colors_info=&#8221;{}&#8221;][et_pb_column type=&#8221;1_3&#8243; _builder_version=&#8221;4.16&#8243; custom_padding=&#8221;|||&#8221; custom_padding_tablet=&#8221;0px|||&#8221; custom_padding_last_edited=&#8221;off|desktop&#8221; global_colors_info=&#8221;{}&#8221; padding_tablet=&#8221;0px|||&#8221; padding_last_edited=&#8221;off|desktop&#8221; custom_padding__hover=&#8221;|||&#8221;][et_pb_team_member name=&#8221;Maria L\u00eda Mogues&#8221; position=&#8221;M\u00e9dica&#8221; image_url=&#8221;http:\/\/caminosinteriores.com\/wp-content\/uploads\/2020\/06\/MARIA-L\u00cdA-MOGUES.jpg&#8221; _builder_version=&#8221;4.16&#8243; _module_preset=&#8221;default&#8221; global_colors_info=&#8221;{}&#8221;]<\/p>\n<p>Egresada de la Facultad de Ciencias M\u00e9dicas.\u00a0<br \/><span>Universidad Nacional de Rosario (2008)<\/span><\/p>\n<p>Residencia interdisciplinaria en Salud Mental (RISaM 2010-2013)<span><\/span><\/p>\n<p>Especialista en Psiquiatr\u00eda, Colegio de m\u00e9dicos de la provincia de Santa Fe (2013).<br \/>Formaci\u00f3n en Constelaciones Familiares, junto a la Profesional Lliliana Inglese (COCOA 2014).<br \/>Formaci\u00f3n en Decodificaci\u00f3n Biol\u00f3gica \u2013 Instituto Kausay (2019).<\/p>\n<p>Trabaja en Hospital Provincial de Rosario y en consultorio particular.<\/p>\n<p>WhatsApp: +54 9 341 6940974<\/p>\n<p>[\/et_pb_team_member][\/et_pb_column][et_pb_column type=&#8221;1_3&#8243; _builder_version=&#8221;4.27.4&#8243; _module_preset=&#8221;default&#8221; global_colors_info=&#8221;{}&#8221;][et_pb_team_member name=&#8221;Mar\u00eda Clara Dur\u00e1&#8221; position=&#8221;Counselor especializada en desarrollo personal&#8221; image_url=&#8221;http:\/\/caminosinteriores.com\/wp-content\/uploads\/2020\/06\/MAR\u00cdA-CLARA-DUR\u00c1.jpg&#8221; _builder_version=&#8221;4.16&#8243; _module_preset=&#8221;default&#8221; custom_padding=&#8221;|||12px||&#8221; global_colors_info=&#8221;{}&#8221;]<\/p>\n<p><span>Acompa\u00f1a a personas o grupo de personas de diferentes \u00e1mbitos, ya sean educativos, deportivos, empresariales y dem\u00e1s a desarrollar su m\u00e1ximo potencial a trav\u00e9s del autoconocimiento.\u00a0\u00a0<\/span><\/p>\n<p><span>Formada en el\u00a0 Centro de psicolog\u00eda human\u00edstica \u201cHolos S\u00e1nchez Bodas\u201d Rosario.<\/span><\/p>\n<p><span>Complementa su funci\u00f3n terap\u00e9utica con la utilizaci\u00f3n del \u201cEneagrama\u201d como herramienta que\u00a0 promueve el crecimiento personal y conduce hacia la construcci\u00f3n de relaciones vinculares m\u00e1s sanas en todos los espacios de despliegue de la persona.<\/span><\/p>\n<p><span>Counseling<br \/><\/span><span>Contacto:\u00a0 +54 9\u00a0 3401645278<br \/><\/span><span>Facebook:\u00a0 Maria Clara Dur\u00e1<br \/><\/span><span>Gmail: mariaclaradura@gmail.com<\/span><\/p>\n<p>[\/et_pb_team_member][\/et_pb_column][et_pb_column type=&#8221;1_3&#8243; _builder_version=&#8221;4.16&#8243; custom_padding=&#8221;|||&#8221; custom_padding_tablet=&#8221;0px|||&#8221; custom_padding_last_edited=&#8221;off|desktop&#8221; global_colors_info=&#8221;{}&#8221; padding_tablet=&#8221;0px|||&#8221; padding_last_edited=&#8221;off|desktop&#8221; custom_padding__hover=&#8221;|||&#8221;][et_pb_team_member name=&#8221;Silvia Raquel Picl\u00fa&#8221; position=&#8221;Terapeuta Hol\u00edstica&#8221; image_url=&#8221;http:\/\/caminosinteriores.com\/wp-content\/uploads\/2020\/07\/PHOTO-2020-07-20-21-58-24.jpg&#8221; _builder_version=&#8221;4.16&#8243; _module_preset=&#8221;default&#8221; global_colors_info=&#8221;{}&#8221;]<\/p>\n<p>\u25cf Profesora de Ense\u00f1anza Especial, 12 a\u00f1os de antig\u00fcedad en la docencia.<br \/>Mi espacio Hilos de armon\u00eda es \u201cun lugar para ir hacia tu interior\u201d:<br \/>\u25cf Profesora de YOGA INTEGRAL.<br \/>\u25cf Capacitada en Yoga para patolog\u00eda ; Sandro Dip , certificado por AMICI, en<br \/>Ca\u00f1ada de G\u00f3mez(2016)<br \/>\u25cf Curso anual de YOGATERAPIA, gracias a la profesora Elena Clara Rodriguez, Ana<br \/>Ferrari, y la Fundaci\u00f3n Tendrel- info@fundaciontendrel.org (a\u00f1o 2018)<br \/>\u25cf Primer Nivel de Ashtanga.<br \/>\u25cf Profesora de YOGA INTEGRAL.<br \/>\u25cf Capacitada en Yoga para patolog\u00eda ; Sandro Dip , certificado por AMICI, en<br \/>Ca\u00f1ada de G\u00f3mez(2016)<br \/>\u25cf Curso anual de YOGATERAPIA.<br \/><span style=\"font-size: 14px;\">\u25cf Armonizacion energetica: -Reiki Usui nivel 1y 2-Reiki Nivel 3 , Maestr\u00eda<br \/>\u25cf Primer Nivel de SABIO , Sistema de Armonizaci\u00f3n Bioenerg\u00e9tico.<br \/>\u25cf Masajes metam\u00f3rficos.<br \/>\u25cf Formaci\u00f3n en Terapia Floral , Nivel 1 y 2 en Flores de Bach.<br \/><\/span><\/p>\n<p><span style=\"font-size: 14px;\"><\/span><\/p>\n<p><span style=\"font-size: 14px;\">Whatsapp 03471-617268<br \/>Facebook Silvia Piclu<br \/>Instagram silvia.piclu<br \/>Facebook Hilos de armon\u00eda<br \/><\/span><\/p>\n<p>[\/et_pb_team_member][\/et_pb_column][\/et_pb_row][\/et_pb_section]<\/p>\n","protected":false},"excerpt":{"rendered":"<p>Acompa\u00f1amiento InterdisciplinarioProcesos de desarrollo personal o grupal con equipos interdisciplinarioComo nueva alternativa, \u00a0\u201cCaminos Interiores\u201d ofrece una nueva forma de trabajo conjuntamente desde lo interdisciplinario con diferentes grupos de distintas formaciones acad\u00e9micas y experiencias profesionales con un mismo objetivo: La investigaci\u00f3n y el acompa\u00f1amiento en equipos para el desarrollo de procesos personales o grupales.Egresada de la [&hellip;]<\/p>\n","protected":false},"author":1,"featured_media":0,"parent":0,"menu_order":0,"comment_status":"closed","ping_status":"closed","template":"","meta":{"_et_pb_use_builder":"on","_et_pb_old_content":"","_et_gb_content_width":"","_joinchat":[],"footnotes":""},"class_list":["post-1974","page","type-page","status-publish","hentry"],"yoast_head":"<!-- This site is optimized with the Yoast SEO plugin v26.7 - https:\/\/yoast.com\/wordpress\/plugins\/seo\/ -->\n<title>Trabajo Interdisciplinario | Caminos Interiores<\/title>\n<meta name=\"description\" content=\"Espacio para el desarrollo de tu proceso de crecimiento y evoluci\u00f3n personal.\" \/>\n<meta name=\"robots\" content=\"index, follow, max-snippet:-1, max-image-preview:large, max-video-preview:-1\" \/>\n<link rel=\"canonical\" href=\"https:\/\/caminosinteriores.com\/index.php\/trabajo-interdisciplinario\/\" \/>\n<meta property=\"og:locale\" content=\"es_ES\" \/>\n<meta property=\"og:type\" content=\"article\" \/>\n<meta property=\"og:title\" content=\"Trabajo Interdisciplinario | Caminos Interiores\" \/>\n<meta property=\"og:description\" content=\"Espacio para el desarrollo de tu proceso de crecimiento y evoluci\u00f3n personal.\" \/>\n<meta property=\"og:url\" content=\"https:\/\/caminosinteriores.com\/index.php\/trabajo-interdisciplinario\/\" \/>\n<meta property=\"og:site_name\" content=\"Caminos Interiores\" \/>\n<meta property=\"article:modified_time\" content=\"2025-06-27T20:42:15+00:00\" \/>\n<meta name=\"twitter:card\" content=\"summary_large_image\" \/>\n<meta name=\"twitter:label1\" content=\"Tiempo de lectura\" \/>\n\t<meta name=\"twitter:data1\" content=\"4 minutos\" \/>\n<script type=\"application\/ld+json\" class=\"yoast-schema-graph\">{\"@context\":\"https:\/\/schema.org\",\"@graph\":[{\"@type\":\"WebPage\",\"@id\":\"https:\/\/caminosinteriores.com\/index.php\/trabajo-interdisciplinario\/\",\"url\":\"https:\/\/caminosinteriores.com\/index.php\/trabajo-interdisciplinario\/\",\"name\":\"Trabajo Interdisciplinario | Caminos Interiores\",\"isPartOf\":{\"@id\":\"https:\/\/caminosinteriores.com\/#website\"},\"datePublished\":\"2020-07-18T18:21:53+00:00\",\"dateModified\":\"2025-06-27T20:42:15+00:00\",\"description\":\"Espacio para el desarrollo de tu proceso de crecimiento y evoluci\u00f3n personal.\",\"breadcrumb\":{\"@id\":\"https:\/\/caminosinteriores.com\/index.php\/trabajo-interdisciplinario\/#breadcrumb\"},\"inLanguage\":\"es-AR\",\"potentialAction\":[{\"@type\":\"ReadAction\",\"target\":[\"https:\/\/caminosinteriores.com\/index.php\/trabajo-interdisciplinario\/\"]}]},{\"@type\":\"BreadcrumbList\",\"@id\":\"https:\/\/caminosinteriores.com\/index.php\/trabajo-interdisciplinario\/#breadcrumb\",\"itemListElement\":[{\"@type\":\"ListItem\",\"position\":1,\"name\":\"Inicio\",\"item\":\"https:\/\/caminosinteriores.com\/\"},{\"@type\":\"ListItem\",\"position\":2,\"name\":\"Trabajo Interdisciplinario\"}]},{\"@type\":\"WebSite\",\"@id\":\"https:\/\/caminosinteriores.com\/#website\",\"url\":\"https:\/\/caminosinteriores.com\/\",\"name\":\"Caminos Interiores\",\"description\":\"Cintia Biciuffa\",\"publisher\":{\"@id\":\"https:\/\/caminosinteriores.com\/#organization\"},\"potentialAction\":[{\"@type\":\"SearchAction\",\"target\":{\"@type\":\"EntryPoint\",\"urlTemplate\":\"https:\/\/caminosinteriores.com\/?s={search_term_string}\"},\"query-input\":{\"@type\":\"PropertyValueSpecification\",\"valueRequired\":true,\"valueName\":\"search_term_string\"}}],\"inLanguage\":\"es-AR\"},{\"@type\":\"Organization\",\"@id\":\"https:\/\/caminosinteriores.com\/#organization\",\"name\":\"Caminos Interiores\",\"url\":\"https:\/\/caminosinteriores.com\/\",\"logo\":{\"@type\":\"ImageObject\",\"inLanguage\":\"es-AR\",\"@id\":\"https:\/\/caminosinteriores.com\/#\/schema\/logo\/image\/\",\"url\":\"https:\/\/caminosinteriores.com\/wp-content\/uploads\/2020\/07\/logo.png\",\"contentUrl\":\"https:\/\/caminosinteriores.com\/wp-content\/uploads\/2020\/07\/logo.png\",\"width\":1000,\"height\":225,\"caption\":\"Caminos Interiores\"},\"image\":{\"@id\":\"https:\/\/caminosinteriores.com\/#\/schema\/logo\/image\/\"}}]}<\/script>\n<!-- \/ Yoast SEO plugin. -->","yoast_head_json":{"title":"Trabajo Interdisciplinario | Caminos Interiores","description":"Espacio para el desarrollo de tu proceso de crecimiento y evoluci\u00f3n personal.","robots":{"index":"index","follow":"follow","max-snippet":"max-snippet:-1","max-image-preview":"max-image-preview:large","max-video-preview":"max-video-preview:-1"},"canonical":"https:\/\/caminosinteriores.com\/index.php\/trabajo-interdisciplinario\/","og_locale":"es_ES","og_type":"article","og_title":"Trabajo Interdisciplinario | Caminos Interiores","og_description":"Espacio para el desarrollo de tu proceso de crecimiento y evoluci\u00f3n personal.","og_url":"https:\/\/caminosinteriores.com\/index.php\/trabajo-interdisciplinario\/","og_site_name":"Caminos Interiores","article_modified_time":"2025-06-27T20:42:15+00:00","twitter_card":"summary_large_image","twitter_misc":{"Tiempo de lectura":"4 minutos"},"schema":{"@context":"https:\/\/schema.org","@graph":[{"@type":"WebPage","@id":"https:\/\/caminosinteriores.com\/index.php\/trabajo-interdisciplinario\/","url":"https:\/\/caminosinteriores.com\/index.php\/trabajo-interdisciplinario\/","name":"Trabajo Interdisciplinario | Caminos Interiores","isPartOf":{"@id":"https:\/\/caminosinteriores.com\/#website"},"datePublished":"2020-07-18T18:21:53+00:00","dateModified":"2025-06-27T20:42:15+00:00","description":"Espacio para el desarrollo de tu proceso de crecimiento y evoluci\u00f3n personal.","breadcrumb":{"@id":"https:\/\/caminosinteriores.com\/index.php\/trabajo-interdisciplinario\/#breadcrumb"},"inLanguage":"es-AR","potentialAction":[{"@type":"ReadAction","target":["https:\/\/caminosinteriores.com\/index.php\/trabajo-interdisciplinario\/"]}]},{"@type":"BreadcrumbList","@id":"https:\/\/caminosinteriores.com\/index.php\/trabajo-interdisciplinario\/#breadcrumb","itemListElement":[{"@type":"ListItem","position":1,"name":"Inicio","item":"https:\/\/caminosinteriores.com\/"},{"@type":"ListItem","position":2,"name":"Trabajo Interdisciplinario"}]},{"@type":"WebSite","@id":"https:\/\/caminosinteriores.com\/#website","url":"https:\/\/caminosinteriores.com\/","name":"Caminos Interiores","description":"Cintia Biciuffa","publisher":{"@id":"https:\/\/caminosinteriores.com\/#organization"},"potentialAction":[{"@type":"SearchAction","target":{"@type":"EntryPoint","urlTemplate":"https:\/\/caminosinteriores.com\/?s={search_term_string}"},"query-input":{"@type":"PropertyValueSpecification","valueRequired":true,"valueName":"search_term_string"}}],"inLanguage":"es-AR"},{"@type":"Organization","@id":"https:\/\/caminosinteriores.com\/#organization","name":"Caminos Interiores","url":"https:\/\/caminosinteriores.com\/","logo":{"@type":"ImageObject","inLanguage":"es-AR","@id":"https:\/\/caminosinteriores.com\/#\/schema\/logo\/image\/","url":"https:\/\/caminosinteriores.com\/wp-content\/uploads\/2020\/07\/logo.png","contentUrl":"https:\/\/caminosinteriores.com\/wp-content\/uploads\/2020\/07\/logo.png","width":1000,"height":225,"caption":"Caminos Interiores"},"image":{"@id":"https:\/\/caminosinteriores.com\/#\/schema\/logo\/image\/"}}]}},"_links":{"self":[{"href":"https:\/\/caminosinteriores.com\/index.php\/wp-json\/wp\/v2\/pages\/1974","targetHints":{"allow":["GET"]}}],"collection":[{"href":"https:\/\/caminosinteriores.com\/index.php\/wp-json\/wp\/v2\/pages"}],"about":[{"href":"https:\/\/caminosinteriores.com\/index.php\/wp-json\/wp\/v2\/types\/page"}],"author":[{"embeddable":true,"href":"https:\/\/caminosinteriores.com\/index.php\/wp-json\/wp\/v2\/users\/1"}],"replies":[{"embeddable":true,"href":"https:\/\/caminosinteriores.com\/index.php\/wp-json\/wp\/v2\/comments?post=1974"}],"version-history":[{"count":14,"href":"https:\/\/caminosinteriores.com\/index.php\/wp-json\/wp\/v2\/pages\/1974\/revisions"}],"predecessor-version":[{"id":5614,"href":"https:\/\/caminosinteriores.com\/index.php\/wp-json\/wp\/v2\/pages\/1974\/revisions\/5614"}],"wp:attachment":[{"href":"https:\/\/caminosinteriores.com\/index.php\/wp-json\/wp\/v2\/media?parent=1974"}],"curies":[{"name":"wp","href":"https:\/\/api.w.org\/{rel}","templated":true}]}}