{"id":1331,"date":"2020-06-03T22:44:10","date_gmt":"2020-06-03T22:44:10","guid":{"rendered":"http:\/\/caminosinteriores.com\/?page_id=1331"},"modified":"2025-06-27T20:35:22","modified_gmt":"2025-06-27T20:35:22","slug":"neurodecodificacion-laboral-y-organizacional","status":"publish","type":"page","link":"https:\/\/caminosinteriores.com\/index.php\/neurodecodificacion-laboral-y-organizacional\/","title":{"rendered":"Neurodecodificaci\u00f3n Laboral y Organizacional"},"content":{"rendered":"<p>[et_pb_section fb_built=&#8221;1&#8243; next_background_color=&#8221;#ffffff&#8221; _builder_version=&#8221;4.27.4&#8243; use_background_color_gradient=&#8221;on&#8221; background_color_gradient_type=&#8221;circular&#8221; background_color_gradient_direction_radial=&#8221;top left&#8221; background_color_gradient_stops=&#8221;rgba(255,227,208,0.7) 50%|rgba(255,227,208,0.3) 100%&#8221; background_color_gradient_overlays_image=&#8221;on&#8221; background_color_gradient_start=&#8221;rgba(255,227,208,0.7)&#8221; background_color_gradient_start_position=&#8221;50%&#8221; background_color_gradient_end=&#8221;rgba(255,227,208,0.3)&#8221; background_image=&#8221;http:\/\/caminosinteriores.com\/wp-content\/uploads\/2020\/10\/neurodecodificacion-laboral-1.jpg&#8221; custom_margin=&#8221;||||false&#8221; custom_padding=&#8221;10vw||5vw||false|false&#8221; bottom_divider_style=&#8221;curve&#8221; bottom_divider_height=&#8221;2.5vw&#8221; global_colors_info=&#8221;{}&#8221;][et_pb_row _builder_version=&#8221;4.27.4&#8243; custom_margin=&#8221;5%|auto|5%|auto|false|false&#8221; custom_padding=&#8221;||0px||false|false&#8221; animation_style=&#8221;fade&#8221; hover_enabled=&#8221;0&#8243; global_colors_info=&#8221;{}&#8221; sticky_enabled=&#8221;0&#8243;][et_pb_column type=&#8221;4_4&#8243; _builder_version=&#8221;4.16&#8243; custom_padding=&#8221;|||&#8221; global_colors_info=&#8221;{}&#8221; custom_padding__hover=&#8221;|||&#8221;][et_pb_text _builder_version=&#8221;4.27.4&#8243; text_font=&#8221;||||||||&#8221; text_font_size=&#8221;18px&#8221; text_line_height=&#8221;2em&#8221; header_font=&#8221;Montserrat||||||||&#8221; header_font_size=&#8221;50px&#8221; header_line_height=&#8221;1.4em&#8221; text_orientation=&#8221;center&#8221; max_width=&#8221;700px&#8221; module_alignment=&#8221;center&#8221; hover_enabled=&#8221;0&#8243; header_font_size_tablet=&#8221;40px&#8221; header_font_size_phone=&#8221;24px&#8221; header_font_size_last_edited=&#8221;on|phone&#8221; global_colors_info=&#8221;{}&#8221; sticky_enabled=&#8221;0&#8243;]<\/p>\n<h1>Neurodecodificaci\u00f3n Laboral y Organizacional<\/h1>\n<p>[\/et_pb_text][\/et_pb_column][\/et_pb_row][\/et_pb_section][et_pb_section fb_built=&#8221;1&#8243; module_id=&#8221;neuro-texto&#8221; _builder_version=&#8221;4.16&#8243; _module_preset=&#8221;default&#8221; custom_padding=&#8221;||2px|||&#8221; global_colors_info=&#8221;{}&#8221;][et_pb_row _builder_version=&#8221;4.16&#8243; _module_preset=&#8221;default&#8221; global_colors_info=&#8221;{}&#8221;][et_pb_column type=&#8221;4_4&#8243; _builder_version=&#8221;4.16&#8243; _module_preset=&#8221;default&#8221; global_colors_info=&#8221;{}&#8221;][et_pb_text _builder_version=&#8221;4.16&#8243; _module_preset=&#8221;default&#8221; text_font_size=&#8221;16px&#8221; text_line_height=&#8221;2em&#8221; global_colors_info=&#8221;{}&#8221;]<\/p>\n<p><span>\u00a0<\/span>Con la metodolog\u00eda y la terap\u00e9utica de la Lic. Nilda Avellaneda y de su\u00a0innovador \u00a0p<span>rograma enf\u00f3cate, pude profundizar \u00a0en sus investigaciones \u00a0a trav\u00e9s de su enfoque de \u00a0\u201cdecodificar \u00a0nuestro trabajo\u201d y me forme como consultora experta en neurodecodificaci\u00f3n laboral y organizacional.\u00a0<\/span><\/p>\n<p><span>\u00a0 \u00a0 \u00a0 \u00a0 \u00a0 \u00a0Comprend\u00ed la l\u00f3gica para alinear al inconsciente biol\u00f3gico con la consciencia a trav\u00e9s de la gu\u00eda\u00a0<\/span>de su meta modelo piramidal. \u00a0\u00a0<\/p>\n<p><span>\u00a0 \u00a0 \u00a0 \u00a0 <\/span>\u201cCAMINOS INTERIORES\u201d es tambi\u00e9n un espacio pensado para abordar la problem\u00e1tica laboral a trav\u00e9s de su gr\u00e1fico, para desarticular nuestros conflictos, crisis, repeticiones de nuestra\u00a0 vida actual por medio\u00a0 de talleres de desarrollo\u00a0 grupal como tambi\u00e9n de forma personal para desbloquear esas din\u00e1micas ocultas que produjeron nuestras experiencias encarnadas,\u00a0 las lealtades invisibles de\u00a0 nuestro \u00e1rbol, nuestra concepci\u00f3n, gestaci\u00f3n, parto y las creencias limitantes de nuestra vida contempor\u00e1nea que\u00a0desencadenaron nuestras\u00a0\u00a0crisis vocacionales, la falta de pasi\u00f3n al no poder encontrar el propio emprendimiento, los fracasos financieros, los problema laborales,\u00a0 las disfunciones de\u00a0 relaciones en las empresas familiares, u otras problem\u00e1ticas del trabajo,\u00a0 para luego crear una nueva realidad para un pleno desarrollo econ\u00f3mico<\/p>\n<p><span>EN CONSULTA<\/span><span>\u00a0<\/span><\/p>\n<p><span>\u00a0 \u00a0 \u00a0 \u00a0 \u00a0\u00a0Ejemplos como: mi madre se demor\u00f3 en el parto y la problem\u00e1tica en el trabajo suele ser \u201csiempre llego tarde con mis proyectos\u201d\u00a0 el lenguaje del\u00a0 inconsciente\u00a0 interpreta \u201cllegar tarde es vida\u201d. Una infancia con carencia,\u00a0 probablemente tendr\u00e1 problemas de liquidez. La sensaci\u00f3n de que \u201cfalta algo\u201d, puede ser que nuestra madre estuvo embarazada de nosotros y se sinti\u00f3 sola, necesito a su par, entonces la persona que consulta\u00a0 siente la sensaci\u00f3n de que necesita a un otro\u00a0 para iniciar un proyecto. \u201cMi primer trabajo fue vender masitas\u201d y eso ayudo a mi familia,\u00a0 \u00a0 su primera experiencia en el trabajo fue para sostener al clan, ahora que el clan ha crecido ya no tiene ning\u00fan sentido ganar dinero. Otra manifestaci\u00f3n del inconsciente es \u201clo mismo que quiero conseguir es lo mismo que quiero evitar\u201d.\u00a0 Mi madre dec\u00eda que mi padre se llev\u00f3 el dinero con esas otras que anda!, \u201cEl dinero se me esfuma\u201d\u00a0 fue una acci\u00f3n reprochable, la persona pierde el dinero por esa situaci\u00f3n. El dinero me genera rechazo!, no toques eso que esta sucio!, lo encontramos en las creencias generales que puede haber en la familia y generar en la actualidad problemas.\u00a0<\/span><\/p>\n<p><span>\u00a0 \u00a0 \u00a0 \u00a0 El inconsciente siempre tiende a ir al pasado, a repetir, reparar y revivir; venimos a transitar\u00a0 una misi\u00f3n asumida. Es tu tiempo de vivir desde un nuevo concepto en tu vocaci\u00f3n,\u00a0 proyecto de trabajo o en tu vida laboral,\u00a0 te invito a transformarte a trav\u00e9s de mi acompa\u00f1amiento y a vivir de forma consciente\u00a0 a trav\u00e9s de tu misi\u00f3n de vida!<\/span><\/p>\n<p><span><\/span><\/p>\n<p><span>Cintia Mar\u00eda Biciuffa.<\/span><span>\u00a0<\/span><\/p>\n<p>[\/et_pb_text][\/et_pb_column][\/et_pb_row][et_pb_row column_structure=&#8221;1_2,1_2&#8243; _builder_version=&#8221;4.16&#8243; _module_preset=&#8221;default&#8221; global_colors_info=&#8221;{}&#8221;][et_pb_column type=&#8221;1_2&#8243; _builder_version=&#8221;4.16&#8243; _module_preset=&#8221;default&#8221; global_colors_info=&#8221;{}&#8221;][et_pb_image src=&#8221;http:\/\/caminosinteriores.com\/wp-content\/uploads\/2020\/06\/506b36ab511f51bce6562049341e06df.png&#8221; title_text=&#8221;506b36ab511f51bce6562049341e06df&#8221; _builder_version=&#8221;4.16&#8243; custom_margin=&#8221;||7px|||&#8221; custom_padding=&#8221;4px|0px||||&#8221; global_colors_info=&#8221;{}&#8221;][\/et_pb_image][et_pb_text _builder_version=&#8221;4.16&#8243; custom_margin=&#8221;||3px|||&#8221; global_colors_info=&#8221;{}&#8221;]<\/p>\n<p><strong>Lic. Nilda Avellaneda<\/strong><\/p>\n<p>[\/et_pb_text][et_pb_button button_url=&#8221;http:\/\/caminosinteriores.com\/wp-content\/uploads\/2020\/06\/LIBRO-NEURODECODIFICACI\u00d3N-LABORAL-LABORAL-NILDA-AVELLANEDA.pdf&#8221; url_new_window=&#8221;on&#8221; button_text=&#8221;Libro PDF: Neurodecodificaci\u00f3n Laboral %22Nilda Avellaneda%22&#8243; _builder_version=&#8221;4.16&#8243; custom_button=&#8221;on&#8221; button_text_size=&#8221;13px&#8221; custom_margin=&#8221;|100px||||&#8221; global_colors_info=&#8221;{}&#8221;][\/et_pb_button][\/et_pb_column][et_pb_column type=&#8221;1_2&#8243; _builder_version=&#8221;4.16&#8243; _module_preset=&#8221;default&#8221; global_colors_info=&#8221;{}&#8221;][et_pb_video src=&#8221;https:\/\/www.youtube.com\/watch?v=M8yr5ck_Yzo&#8221; thumbnail_overlay_color=&#8221;rgba(0,0,0,0.6)&#8221; module_id=&#8221;videoneuro&#8221; _builder_version=&#8221;4.16&#8243; global_colors_info=&#8221;{}&#8221;][\/et_pb_video][\/et_pb_column][\/et_pb_row][\/et_pb_section]<\/p>\n","protected":false},"excerpt":{"rendered":"<p>Neurodecodificaci\u00f3n Laboral y Organizacional\u00a0Con la metodolog\u00eda y la terap\u00e9utica de la Lic. Nilda Avellaneda y de su\u00a0innovador \u00a0programa enf\u00f3cate, pude profundizar \u00a0en sus investigaciones \u00a0a trav\u00e9s de su enfoque de \u00a0\u201cdecodificar \u00a0nuestro trabajo\u201d y me forme como consultora experta en neurodecodificaci\u00f3n laboral y organizacional.\u00a0 \u00a0 \u00a0 \u00a0 \u00a0 \u00a0 \u00a0Comprend\u00ed la l\u00f3gica para alinear al [&hellip;]<\/p>\n","protected":false},"author":1,"featured_media":0,"parent":0,"menu_order":0,"comment_status":"closed","ping_status":"closed","template":"","meta":{"_et_pb_use_builder":"on","_et_pb_old_content":"","_et_gb_content_width":"","_joinchat":[],"footnotes":""},"class_list":["post-1331","page","type-page","status-publish","hentry"],"yoast_head":"<!-- This site is optimized with the Yoast SEO plugin v26.7 - https:\/\/yoast.com\/wordpress\/plugins\/seo\/ -->\n<title>Neurodecodificaci\u00f3n Laboral y Organizacional | Caminos Interiores<\/title>\n<meta name=\"description\" content=\"Espacio para el desarrollo de tu proceso de crecimiento y evoluci\u00f3n personal.\" \/>\n<meta name=\"robots\" content=\"index, follow, max-snippet:-1, max-image-preview:large, max-video-preview:-1\" \/>\n<link rel=\"canonical\" href=\"https:\/\/caminosinteriores.com\/index.php\/neurodecodificacion-laboral-y-organizacional\/\" \/>\n<meta property=\"og:locale\" content=\"es_ES\" \/>\n<meta property=\"og:type\" content=\"article\" \/>\n<meta property=\"og:title\" content=\"Neurodecodificaci\u00f3n Laboral y Organizacional | Caminos Interiores\" \/>\n<meta property=\"og:description\" content=\"Espacio para el desarrollo de tu proceso de crecimiento y evoluci\u00f3n personal.\" \/>\n<meta property=\"og:url\" content=\"https:\/\/caminosinteriores.com\/index.php\/neurodecodificacion-laboral-y-organizacional\/\" \/>\n<meta property=\"og:site_name\" content=\"Caminos Interiores\" \/>\n<meta property=\"article:modified_time\" content=\"2025-06-27T20:35:22+00:00\" \/>\n<meta name=\"twitter:card\" content=\"summary_large_image\" \/>\n<meta name=\"twitter:label1\" content=\"Tiempo de lectura\" \/>\n\t<meta name=\"twitter:data1\" content=\"5 minutos\" \/>\n<script type=\"application\/ld+json\" class=\"yoast-schema-graph\">{\"@context\":\"https:\/\/schema.org\",\"@graph\":[{\"@type\":\"WebPage\",\"@id\":\"https:\/\/caminosinteriores.com\/index.php\/neurodecodificacion-laboral-y-organizacional\/\",\"url\":\"https:\/\/caminosinteriores.com\/index.php\/neurodecodificacion-laboral-y-organizacional\/\",\"name\":\"Neurodecodificaci\u00f3n Laboral y Organizacional | Caminos Interiores\",\"isPartOf\":{\"@id\":\"https:\/\/caminosinteriores.com\/#website\"},\"datePublished\":\"2020-06-03T22:44:10+00:00\",\"dateModified\":\"2025-06-27T20:35:22+00:00\",\"description\":\"Espacio para el desarrollo de tu proceso de crecimiento y evoluci\u00f3n personal.\",\"breadcrumb\":{\"@id\":\"https:\/\/caminosinteriores.com\/index.php\/neurodecodificacion-laboral-y-organizacional\/#breadcrumb\"},\"inLanguage\":\"es-AR\",\"potentialAction\":[{\"@type\":\"ReadAction\",\"target\":[\"https:\/\/caminosinteriores.com\/index.php\/neurodecodificacion-laboral-y-organizacional\/\"]}]},{\"@type\":\"BreadcrumbList\",\"@id\":\"https:\/\/caminosinteriores.com\/index.php\/neurodecodificacion-laboral-y-organizacional\/#breadcrumb\",\"itemListElement\":[{\"@type\":\"ListItem\",\"position\":1,\"name\":\"Inicio\",\"item\":\"https:\/\/caminosinteriores.com\/\"},{\"@type\":\"ListItem\",\"position\":2,\"name\":\"Neurodecodificaci\u00f3n Laboral y Organizacional\"}]},{\"@type\":\"WebSite\",\"@id\":\"https:\/\/caminosinteriores.com\/#website\",\"url\":\"https:\/\/caminosinteriores.com\/\",\"name\":\"Caminos Interiores\",\"description\":\"Cintia Biciuffa\",\"publisher\":{\"@id\":\"https:\/\/caminosinteriores.com\/#organization\"},\"potentialAction\":[{\"@type\":\"SearchAction\",\"target\":{\"@type\":\"EntryPoint\",\"urlTemplate\":\"https:\/\/caminosinteriores.com\/?s={search_term_string}\"},\"query-input\":{\"@type\":\"PropertyValueSpecification\",\"valueRequired\":true,\"valueName\":\"search_term_string\"}}],\"inLanguage\":\"es-AR\"},{\"@type\":\"Organization\",\"@id\":\"https:\/\/caminosinteriores.com\/#organization\",\"name\":\"Caminos Interiores\",\"url\":\"https:\/\/caminosinteriores.com\/\",\"logo\":{\"@type\":\"ImageObject\",\"inLanguage\":\"es-AR\",\"@id\":\"https:\/\/caminosinteriores.com\/#\/schema\/logo\/image\/\",\"url\":\"https:\/\/caminosinteriores.com\/wp-content\/uploads\/2020\/07\/logo.png\",\"contentUrl\":\"https:\/\/caminosinteriores.com\/wp-content\/uploads\/2020\/07\/logo.png\",\"width\":1000,\"height\":225,\"caption\":\"Caminos Interiores\"},\"image\":{\"@id\":\"https:\/\/caminosinteriores.com\/#\/schema\/logo\/image\/\"}}]}<\/script>\n<!-- \/ Yoast SEO plugin. -->","yoast_head_json":{"title":"Neurodecodificaci\u00f3n Laboral y Organizacional | Caminos Interiores","description":"Espacio para el desarrollo de tu proceso de crecimiento y evoluci\u00f3n personal.","robots":{"index":"index","follow":"follow","max-snippet":"max-snippet:-1","max-image-preview":"max-image-preview:large","max-video-preview":"max-video-preview:-1"},"canonical":"https:\/\/caminosinteriores.com\/index.php\/neurodecodificacion-laboral-y-organizacional\/","og_locale":"es_ES","og_type":"article","og_title":"Neurodecodificaci\u00f3n Laboral y Organizacional | Caminos Interiores","og_description":"Espacio para el desarrollo de tu proceso de crecimiento y evoluci\u00f3n personal.","og_url":"https:\/\/caminosinteriores.com\/index.php\/neurodecodificacion-laboral-y-organizacional\/","og_site_name":"Caminos Interiores","article_modified_time":"2025-06-27T20:35:22+00:00","twitter_card":"summary_large_image","twitter_misc":{"Tiempo de lectura":"5 minutos"},"schema":{"@context":"https:\/\/schema.org","@graph":[{"@type":"WebPage","@id":"https:\/\/caminosinteriores.com\/index.php\/neurodecodificacion-laboral-y-organizacional\/","url":"https:\/\/caminosinteriores.com\/index.php\/neurodecodificacion-laboral-y-organizacional\/","name":"Neurodecodificaci\u00f3n Laboral y Organizacional | Caminos Interiores","isPartOf":{"@id":"https:\/\/caminosinteriores.com\/#website"},"datePublished":"2020-06-03T22:44:10+00:00","dateModified":"2025-06-27T20:35:22+00:00","description":"Espacio para el desarrollo de tu proceso de crecimiento y evoluci\u00f3n personal.","breadcrumb":{"@id":"https:\/\/caminosinteriores.com\/index.php\/neurodecodificacion-laboral-y-organizacional\/#breadcrumb"},"inLanguage":"es-AR","potentialAction":[{"@type":"ReadAction","target":["https:\/\/caminosinteriores.com\/index.php\/neurodecodificacion-laboral-y-organizacional\/"]}]},{"@type":"BreadcrumbList","@id":"https:\/\/caminosinteriores.com\/index.php\/neurodecodificacion-laboral-y-organizacional\/#breadcrumb","itemListElement":[{"@type":"ListItem","position":1,"name":"Inicio","item":"https:\/\/caminosinteriores.com\/"},{"@type":"ListItem","position":2,"name":"Neurodecodificaci\u00f3n Laboral y Organizacional"}]},{"@type":"WebSite","@id":"https:\/\/caminosinteriores.com\/#website","url":"https:\/\/caminosinteriores.com\/","name":"Caminos Interiores","description":"Cintia Biciuffa","publisher":{"@id":"https:\/\/caminosinteriores.com\/#organization"},"potentialAction":[{"@type":"SearchAction","target":{"@type":"EntryPoint","urlTemplate":"https:\/\/caminosinteriores.com\/?s={search_term_string}"},"query-input":{"@type":"PropertyValueSpecification","valueRequired":true,"valueName":"search_term_string"}}],"inLanguage":"es-AR"},{"@type":"Organization","@id":"https:\/\/caminosinteriores.com\/#organization","name":"Caminos Interiores","url":"https:\/\/caminosinteriores.com\/","logo":{"@type":"ImageObject","inLanguage":"es-AR","@id":"https:\/\/caminosinteriores.com\/#\/schema\/logo\/image\/","url":"https:\/\/caminosinteriores.com\/wp-content\/uploads\/2020\/07\/logo.png","contentUrl":"https:\/\/caminosinteriores.com\/wp-content\/uploads\/2020\/07\/logo.png","width":1000,"height":225,"caption":"Caminos Interiores"},"image":{"@id":"https:\/\/caminosinteriores.com\/#\/schema\/logo\/image\/"}}]}},"_links":{"self":[{"href":"https:\/\/caminosinteriores.com\/index.php\/wp-json\/wp\/v2\/pages\/1331","targetHints":{"allow":["GET"]}}],"collection":[{"href":"https:\/\/caminosinteriores.com\/index.php\/wp-json\/wp\/v2\/pages"}],"about":[{"href":"https:\/\/caminosinteriores.com\/index.php\/wp-json\/wp\/v2\/types\/page"}],"author":[{"embeddable":true,"href":"https:\/\/caminosinteriores.com\/index.php\/wp-json\/wp\/v2\/users\/1"}],"replies":[{"embeddable":true,"href":"https:\/\/caminosinteriores.com\/index.php\/wp-json\/wp\/v2\/comments?post=1331"}],"version-history":[{"count":24,"href":"https:\/\/caminosinteriores.com\/index.php\/wp-json\/wp\/v2\/pages\/1331\/revisions"}],"predecessor-version":[{"id":5611,"href":"https:\/\/caminosinteriores.com\/index.php\/wp-json\/wp\/v2\/pages\/1331\/revisions\/5611"}],"wp:attachment":[{"href":"https:\/\/caminosinteriores.com\/index.php\/wp-json\/wp\/v2\/media?parent=1331"}],"curies":[{"name":"wp","href":"https:\/\/api.w.org\/{rel}","templated":true}]}}