{"id":1316,"date":"2020-06-03T22:31:57","date_gmt":"2020-06-03T22:31:57","guid":{"rendered":"http:\/\/caminosinteriores.com\/?page_id=1316"},"modified":"2025-06-27T20:33:29","modified_gmt":"2025-06-27T20:33:29","slug":"decodificacion-biologica","status":"publish","type":"page","link":"https:\/\/caminosinteriores.com\/index.php\/decodificacion-biologica\/","title":{"rendered":"Decodificaci\u00f3n Biol\u00f3gica"},"content":{"rendered":"<p>[et_pb_section fb_built=&#8221;1&#8243; next_background_color=&#8221;#ffffff&#8221; _builder_version=&#8221;4.27.4&#8243; use_background_color_gradient=&#8221;on&#8221; background_color_gradient_type=&#8221;circular&#8221; background_color_gradient_direction_radial=&#8221;top left&#8221; background_color_gradient_stops=&#8221;rgba(255,227,208,0.7) 50%|rgba(255,227,208,0.3) 100%&#8221; background_color_gradient_overlays_image=&#8221;on&#8221; background_color_gradient_start=&#8221;rgba(255,227,208,0.7)&#8221; background_color_gradient_start_position=&#8221;50%&#8221; background_color_gradient_end=&#8221;rgba(255,227,208,0.3)&#8221; background_image=&#8221;http:\/\/caminosinteriores.com\/wp-content\/uploads\/2020\/10\/DSC_8033-1.jpg&#8221; custom_margin=&#8221;||||false&#8221; custom_padding=&#8221;12vw||12vw||false|false&#8221; bottom_divider_style=&#8221;curve&#8221; bottom_divider_height=&#8221;2.5vw&#8221; global_colors_info=&#8221;{}&#8221;][et_pb_row _builder_version=&#8221;4.27.4&#8243; min_height=&#8221;153px&#8221; custom_margin=&#8221;5%|auto|5%|auto|false|false&#8221; custom_padding=&#8221;||23px|||&#8221; animation_style=&#8221;fade&#8221; hover_enabled=&#8221;0&#8243; global_colors_info=&#8221;{}&#8221; sticky_enabled=&#8221;0&#8243;][et_pb_column type=&#8221;4_4&#8243; _builder_version=&#8221;4.16&#8243; custom_padding=&#8221;|||&#8221; global_colors_info=&#8221;{}&#8221; custom_padding__hover=&#8221;|||&#8221;][et_pb_text _builder_version=&#8221;4.27.4&#8243; text_font=&#8221;||||||||&#8221; text_font_size=&#8221;18px&#8221; text_line_height=&#8221;2em&#8221; header_font=&#8221;Montserrat||||||||&#8221; header_font_size=&#8221;50px&#8221; header_line_height=&#8221;1.4em&#8221; text_orientation=&#8221;center&#8221; max_width=&#8221;700px&#8221; module_alignment=&#8221;center&#8221; hover_enabled=&#8221;0&#8243; header_font_size_tablet=&#8221;40px&#8221; header_font_size_phone=&#8221;24px&#8221; header_font_size_last_edited=&#8221;on|phone&#8221; global_colors_info=&#8221;{}&#8221; sticky_enabled=&#8221;0&#8243;]<\/p>\n<h1>Decodificaci\u00f3n Biol\u00f3gica<\/h1>\n<p>[\/et_pb_text][\/et_pb_column][\/et_pb_row][\/et_pb_section][et_pb_section fb_built=&#8221;1&#8243; _builder_version=&#8221;4.16&#8243; _module_preset=&#8221;default&#8221; global_colors_info=&#8221;{}&#8221;][et_pb_row _builder_version=&#8221;4.16&#8243; _module_preset=&#8221;default&#8221; global_colors_info=&#8221;{}&#8221;][et_pb_column type=&#8221;4_4&#8243; _builder_version=&#8221;4.16&#8243; _module_preset=&#8221;default&#8221; global_colors_info=&#8221;{}&#8221;][et_pb_text _builder_version=&#8221;4.16&#8243; _module_preset=&#8221;default&#8221; text_font_size=&#8221;16px&#8221; text_line_height=&#8221;2em&#8221; global_colors_info=&#8221;{}&#8221;]<\/p>\n<p>&#8220;El arte de escuchar al cuerpo&#8221;<\/p>\n<p><span>\u00a0 \u00a0 \u00a0 \u00a0<\/span>Este enfoque terap\u00e9utico, est\u00e1 basado en el significado o sentido biol\u00f3gico de los s\u00edntomas o las enfermedades. Es un camino de comprensi\u00f3n, es un nuevo paradigma, una nueva mirada hacia la enfermedad, los traumas y los conflictos no resueltos. Tomar consciencia y sanar el cuerpo.\u00a0\u00a0\u00a0<\/p>\n<p><span>\u00a0 \u00a0 \u00a0 \u00a0<\/span>Es el arte de desprogramar o decodificar el conflicto o la vivencia que origin\u00f3 la enfermedad, o ese s\u00edntoma o ese trauma y comprender que la auto-sanaci\u00f3n es propia.<\/p>\n<p><span>\u00a0 \u00a0 \u00a0 \u00a0 \u00a0 \u00a0 \u00a0 <\/span>El trabajo del decodificador biol\u00f3gico es acompa\u00f1ar a la persona,\u00a0 a esa primera vez, a esa vivencia,\u00a0 en donde el\u00a0 s\u00edntoma\u00a0 tuvo un inicio; seguramente en un momento en que la persona no estaba preparada para vivir ese hecho, lo cual lo vivi\u00f3 de forma aislada, dram\u00e1tica y en soledad como un shock, en un nivel muy profundo de su ser, en donde no lo pudo expresar y no encontr\u00f3 la soluci\u00f3n para resolverlo y es en ese momento en que el cerebro \u00a0no tolera esta situaci\u00f3n, ya que est\u00e1 programado en t\u00e9rminos biol\u00f3gicos de supervivencia, lo \u00fanico que cuenta para el es vivir, hace la descarga de la tensi\u00f3n vivida en el cuerpo y lo har\u00e1 siguiendo un patr\u00f3n concreto que mantiene una coherencia biol\u00f3gica. Entendiendo\u00a0 que\u00a0 el pensamiento, el cerebro y el \u00f3rgano est\u00e1n \u00edntimamente conectados.<\/p>\n<p><span>\u00a0 \u00a0 \u00a0 \u00a0 <\/span>Tenemos en cuenta tambi\u00e9n, que los seres humanos repetimos todo lo que hemos aprendido y que si hoy tenemos un determinado problema es porque tiene un origen o un programa inicial (un conflicto emocional programante). \u00c9ste origen, puede situarse en nuestra infancia, nacimiento, embarazo, concepci\u00f3n o incluso en la vida de nuestros ancestros de los que copiamos modelos o \u201cformas de hacer\u201d en un intento de traspasar lo que no se ha podido aceptar. Hay que encontrar el c\u00f3digo oculto de cada consultante, esa emoci\u00f3n bloqueada, o esa emoci\u00f3n heredada. El inconsciente biol\u00f3gico se encuentra en cada c\u00e9lula de nuestro cuerpo. Trabajar con \u00e9l\u00a0 nos va a dar la pista o la v\u00eda para poder entender el sentido biol\u00f3gico de la enfermedad o conflicto.\u00a0<\/p>\n<p><span>\u00a0 \u00a0 \u00a0 \u00a0 <\/span>La Decodificacion Biologica, es un acompa\u00f1amiento terap\u00e9utico, que no reemplaza ninguna otra pr\u00e1ctica m\u00e9dica, ni psicol\u00f3gica.\u00a0\u00a0<\/p>\n<p><span>\u00a0 \u00a0 \u00a0 \u00a0 \u00a0<\/span>Esta especialidad proviene de una teor\u00eda desarrollada por el Dr Ryke Geerd Hamer, 1935-2017, m\u00e9dico alem\u00e1n, creador de la nueva medicina germ\u00e1nica, \u00e9sta se sustenta en las llamadas\u00a0 cinco leyes biol\u00f3gicas, que\u00a0 funciona al 100% sin ninguna excepci\u00f3n\u00a0 y \u00a0 la cura es la resoluci\u00f3n del conflicto.\u00a0 LA ENFERMEDAD es un programa de supervivencia de la especie para adaptarse al medio, es la traducci\u00f3n de un conflicto en la biolog\u00eda del individuo.<\/p>\n<p><span>\u00a0 \u00a0 \u00a0 \u00a0 \u00a0 \u00a0\u00a0<\/span>Mi camino con la Decodificaci\u00f3n Biol\u00f3gica comienza en el Instituto Kausay de Fabi\u00e1n Garella en Rosario, en el a\u00f1o 2019, por una disval\u00eda cong\u00e9nita no transmisible, de nacimiento. El diagn\u00f3stico fue: Cayado a\u00f3rtico derecho con robo de arteria subclavia izquierda, esta informaci\u00f3n es transmitida\u00a0 por un conflicto de los dos\u00a0 progenitores o de un progenitor cuyo\u00a0 intensidad es demasiado fuerte, por lo tanto ya existe desde el principio mismo de la vida intra-uterina. Posiblemente, pueda ser un\u00a0 conflicto no resuelto por mis respectivos ancestros y la misma parece ser una b\u00fasqueda de la resoluci\u00f3n.\u00a0\u00a0<\/p>\n<p><span>\u00a0 \u00a0 \u00a0 \u00a0 \u00a0 \u00a0 \u00a0<\/span>El s\u00edntoma responde a una necesidad concreta. EL AZAR NO EXISTE.\u00a0<\/p>\n<p>\u00bfPara que decodificar? Para comprender nuestra historia y sanar nuestras propias emociones escondidas, te acompa\u00f1o en tu camino!<\/p>\n<p><span><\/span><\/p>\n<p><span>Cintia Mar\u00eda Biciuffa.<\/span><\/p>\n<p>[\/et_pb_text][\/et_pb_column][\/et_pb_row][et_pb_row column_structure=&#8221;1_2,1_2&#8243; _builder_version=&#8221;4.16&#8243; _module_preset=&#8221;default&#8221; global_colors_info=&#8221;{}&#8221;][et_pb_column type=&#8221;1_2&#8243; _builder_version=&#8221;4.16&#8243; _module_preset=&#8221;default&#8221; global_colors_info=&#8221;{}&#8221;][et_pb_image src=&#8221;http:\/\/caminosinteriores.com\/wp-content\/uploads\/2020\/06\/dr_hamer-2-1068&#215;534-1.jpg&#8221; title_text=&#8221;dr_hamer-2-1068&#215;534&#8243; src_tablet=&#8221;http:\/\/caminosinteriores.com\/wp-content\/uploads\/2020\/06\/dr_hamer-2-1068&#215;534-1.jpg&#8221; src_phone=&#8221;http:\/\/caminosinteriores.com\/wp-content\/uploads\/2020\/06\/dr_hamer-2-1068&#215;534-1.jpg&#8221; src_last_edited=&#8221;on|phone&#8221; _builder_version=&#8221;4.16&#8243; width=&#8221;100%&#8221; custom_margin=&#8221;-39px|-296px|||false|false&#8221; custom_margin_tablet=&#8221;-2px|37px|25px|0px|false|false&#8221; custom_margin_phone=&#8221;|45px|||false|false&#8221; custom_margin_last_edited=&#8221;on|phone&#8221; custom_padding=&#8221;39px|2px|0px||false|false&#8221; custom_padding_tablet=&#8221;|0px||0px|false|false&#8221; custom_padding_phone=&#8221;|0px||0px|false|false&#8221; custom_padding_last_edited=&#8221;on|desktop&#8221; global_colors_info=&#8221;{}&#8221;][\/et_pb_image][et_pb_text _builder_version=&#8221;4.16&#8243; custom_margin=&#8221;-12px|||||&#8221; global_colors_info=&#8221;{}&#8221;]<\/p>\n<p><b>Dr Ryke Geerd Hamer<\/b><\/p>\n<p>[\/et_pb_text][\/et_pb_column][et_pb_column type=&#8221;1_2&#8243; _builder_version=&#8221;4.16&#8243; _module_preset=&#8221;default&#8221; global_colors_info=&#8221;{}&#8221;][et_pb_video src=&#8221;https:\/\/www.youtube.com\/watch?v=oOH6WqgIBK8&#8243; thumbnail_overlay_color=&#8221;rgba(0,0,0,0.6)&#8221; module_id=&#8221;decodificacionvideo&#8221; _builder_version=&#8221;4.16&#8243; _module_preset=&#8221;default&#8221; global_colors_info=&#8221;{}&#8221;][\/et_pb_video][\/et_pb_column][\/et_pb_row][\/et_pb_section]<\/p>\n","protected":false},"excerpt":{"rendered":"<p>Decodificaci\u00f3n Biol\u00f3gica&#8221;El arte de escuchar al cuerpo&#8221; \u00a0 \u00a0 \u00a0 \u00a0Este enfoque terap\u00e9utico, est\u00e1 basado en el significado o sentido biol\u00f3gico de los s\u00edntomas o las enfermedades. Es un camino de comprensi\u00f3n, es un nuevo paradigma, una nueva mirada hacia la enfermedad, los traumas y los conflictos no resueltos. Tomar consciencia y sanar el cuerpo.\u00a0\u00a0\u00a0 [&hellip;]<\/p>\n","protected":false},"author":1,"featured_media":0,"parent":0,"menu_order":0,"comment_status":"closed","ping_status":"closed","template":"","meta":{"_et_pb_use_builder":"on","_et_pb_old_content":"","_et_gb_content_width":"","_joinchat":[],"footnotes":""},"class_list":["post-1316","page","type-page","status-publish","hentry"],"yoast_head":"<!-- This site is optimized with the Yoast SEO plugin v26.7 - https:\/\/yoast.com\/wordpress\/plugins\/seo\/ -->\n<title>Decodificaci\u00f3n Biol\u00f3gica | Caminos Interiores<\/title>\n<meta name=\"description\" content=\"Espacio para el desarrollo de tu proceso de crecimiento y evoluci\u00f3n personal.\" \/>\n<meta name=\"robots\" content=\"index, follow, max-snippet:-1, max-image-preview:large, max-video-preview:-1\" \/>\n<link rel=\"canonical\" href=\"https:\/\/caminosinteriores.com\/index.php\/decodificacion-biologica\/\" \/>\n<meta property=\"og:locale\" content=\"es_ES\" \/>\n<meta property=\"og:type\" content=\"article\" \/>\n<meta property=\"og:title\" content=\"Decodificaci\u00f3n Biol\u00f3gica | Caminos Interiores\" \/>\n<meta property=\"og:description\" content=\"Espacio para el desarrollo de tu proceso de crecimiento y evoluci\u00f3n personal.\" \/>\n<meta property=\"og:url\" content=\"https:\/\/caminosinteriores.com\/index.php\/decodificacion-biologica\/\" \/>\n<meta property=\"og:site_name\" content=\"Caminos Interiores\" \/>\n<meta property=\"article:modified_time\" content=\"2025-06-27T20:33:29+00:00\" \/>\n<meta name=\"twitter:card\" content=\"summary_large_image\" \/>\n<meta name=\"twitter:label1\" content=\"Tiempo de lectura\" \/>\n\t<meta name=\"twitter:data1\" content=\"5 minutos\" \/>\n<script type=\"application\/ld+json\" class=\"yoast-schema-graph\">{\"@context\":\"https:\/\/schema.org\",\"@graph\":[{\"@type\":\"WebPage\",\"@id\":\"https:\/\/caminosinteriores.com\/index.php\/decodificacion-biologica\/\",\"url\":\"https:\/\/caminosinteriores.com\/index.php\/decodificacion-biologica\/\",\"name\":\"Decodificaci\u00f3n Biol\u00f3gica | Caminos Interiores\",\"isPartOf\":{\"@id\":\"https:\/\/caminosinteriores.com\/#website\"},\"datePublished\":\"2020-06-03T22:31:57+00:00\",\"dateModified\":\"2025-06-27T20:33:29+00:00\",\"description\":\"Espacio para el desarrollo de tu proceso de crecimiento y evoluci\u00f3n personal.\",\"breadcrumb\":{\"@id\":\"https:\/\/caminosinteriores.com\/index.php\/decodificacion-biologica\/#breadcrumb\"},\"inLanguage\":\"es-AR\",\"potentialAction\":[{\"@type\":\"ReadAction\",\"target\":[\"https:\/\/caminosinteriores.com\/index.php\/decodificacion-biologica\/\"]}]},{\"@type\":\"BreadcrumbList\",\"@id\":\"https:\/\/caminosinteriores.com\/index.php\/decodificacion-biologica\/#breadcrumb\",\"itemListElement\":[{\"@type\":\"ListItem\",\"position\":1,\"name\":\"Inicio\",\"item\":\"https:\/\/caminosinteriores.com\/\"},{\"@type\":\"ListItem\",\"position\":2,\"name\":\"Decodificaci\u00f3n Biol\u00f3gica\"}]},{\"@type\":\"WebSite\",\"@id\":\"https:\/\/caminosinteriores.com\/#website\",\"url\":\"https:\/\/caminosinteriores.com\/\",\"name\":\"Caminos Interiores\",\"description\":\"Cintia Biciuffa\",\"publisher\":{\"@id\":\"https:\/\/caminosinteriores.com\/#organization\"},\"potentialAction\":[{\"@type\":\"SearchAction\",\"target\":{\"@type\":\"EntryPoint\",\"urlTemplate\":\"https:\/\/caminosinteriores.com\/?s={search_term_string}\"},\"query-input\":{\"@type\":\"PropertyValueSpecification\",\"valueRequired\":true,\"valueName\":\"search_term_string\"}}],\"inLanguage\":\"es-AR\"},{\"@type\":\"Organization\",\"@id\":\"https:\/\/caminosinteriores.com\/#organization\",\"name\":\"Caminos Interiores\",\"url\":\"https:\/\/caminosinteriores.com\/\",\"logo\":{\"@type\":\"ImageObject\",\"inLanguage\":\"es-AR\",\"@id\":\"https:\/\/caminosinteriores.com\/#\/schema\/logo\/image\/\",\"url\":\"https:\/\/caminosinteriores.com\/wp-content\/uploads\/2020\/07\/logo.png\",\"contentUrl\":\"https:\/\/caminosinteriores.com\/wp-content\/uploads\/2020\/07\/logo.png\",\"width\":1000,\"height\":225,\"caption\":\"Caminos Interiores\"},\"image\":{\"@id\":\"https:\/\/caminosinteriores.com\/#\/schema\/logo\/image\/\"}}]}<\/script>\n<!-- \/ Yoast SEO plugin. -->","yoast_head_json":{"title":"Decodificaci\u00f3n Biol\u00f3gica | Caminos Interiores","description":"Espacio para el desarrollo de tu proceso de crecimiento y evoluci\u00f3n personal.","robots":{"index":"index","follow":"follow","max-snippet":"max-snippet:-1","max-image-preview":"max-image-preview:large","max-video-preview":"max-video-preview:-1"},"canonical":"https:\/\/caminosinteriores.com\/index.php\/decodificacion-biologica\/","og_locale":"es_ES","og_type":"article","og_title":"Decodificaci\u00f3n Biol\u00f3gica | Caminos Interiores","og_description":"Espacio para el desarrollo de tu proceso de crecimiento y evoluci\u00f3n personal.","og_url":"https:\/\/caminosinteriores.com\/index.php\/decodificacion-biologica\/","og_site_name":"Caminos Interiores","article_modified_time":"2025-06-27T20:33:29+00:00","twitter_card":"summary_large_image","twitter_misc":{"Tiempo de lectura":"5 minutos"},"schema":{"@context":"https:\/\/schema.org","@graph":[{"@type":"WebPage","@id":"https:\/\/caminosinteriores.com\/index.php\/decodificacion-biologica\/","url":"https:\/\/caminosinteriores.com\/index.php\/decodificacion-biologica\/","name":"Decodificaci\u00f3n Biol\u00f3gica | Caminos Interiores","isPartOf":{"@id":"https:\/\/caminosinteriores.com\/#website"},"datePublished":"2020-06-03T22:31:57+00:00","dateModified":"2025-06-27T20:33:29+00:00","description":"Espacio para el desarrollo de tu proceso de crecimiento y evoluci\u00f3n personal.","breadcrumb":{"@id":"https:\/\/caminosinteriores.com\/index.php\/decodificacion-biologica\/#breadcrumb"},"inLanguage":"es-AR","potentialAction":[{"@type":"ReadAction","target":["https:\/\/caminosinteriores.com\/index.php\/decodificacion-biologica\/"]}]},{"@type":"BreadcrumbList","@id":"https:\/\/caminosinteriores.com\/index.php\/decodificacion-biologica\/#breadcrumb","itemListElement":[{"@type":"ListItem","position":1,"name":"Inicio","item":"https:\/\/caminosinteriores.com\/"},{"@type":"ListItem","position":2,"name":"Decodificaci\u00f3n Biol\u00f3gica"}]},{"@type":"WebSite","@id":"https:\/\/caminosinteriores.com\/#website","url":"https:\/\/caminosinteriores.com\/","name":"Caminos Interiores","description":"Cintia Biciuffa","publisher":{"@id":"https:\/\/caminosinteriores.com\/#organization"},"potentialAction":[{"@type":"SearchAction","target":{"@type":"EntryPoint","urlTemplate":"https:\/\/caminosinteriores.com\/?s={search_term_string}"},"query-input":{"@type":"PropertyValueSpecification","valueRequired":true,"valueName":"search_term_string"}}],"inLanguage":"es-AR"},{"@type":"Organization","@id":"https:\/\/caminosinteriores.com\/#organization","name":"Caminos Interiores","url":"https:\/\/caminosinteriores.com\/","logo":{"@type":"ImageObject","inLanguage":"es-AR","@id":"https:\/\/caminosinteriores.com\/#\/schema\/logo\/image\/","url":"https:\/\/caminosinteriores.com\/wp-content\/uploads\/2020\/07\/logo.png","contentUrl":"https:\/\/caminosinteriores.com\/wp-content\/uploads\/2020\/07\/logo.png","width":1000,"height":225,"caption":"Caminos Interiores"},"image":{"@id":"https:\/\/caminosinteriores.com\/#\/schema\/logo\/image\/"}}]}},"_links":{"self":[{"href":"https:\/\/caminosinteriores.com\/index.php\/wp-json\/wp\/v2\/pages\/1316","targetHints":{"allow":["GET"]}}],"collection":[{"href":"https:\/\/caminosinteriores.com\/index.php\/wp-json\/wp\/v2\/pages"}],"about":[{"href":"https:\/\/caminosinteriores.com\/index.php\/wp-json\/wp\/v2\/types\/page"}],"author":[{"embeddable":true,"href":"https:\/\/caminosinteriores.com\/index.php\/wp-json\/wp\/v2\/users\/1"}],"replies":[{"embeddable":true,"href":"https:\/\/caminosinteriores.com\/index.php\/wp-json\/wp\/v2\/comments?post=1316"}],"version-history":[{"count":24,"href":"https:\/\/caminosinteriores.com\/index.php\/wp-json\/wp\/v2\/pages\/1316\/revisions"}],"predecessor-version":[{"id":5609,"href":"https:\/\/caminosinteriores.com\/index.php\/wp-json\/wp\/v2\/pages\/1316\/revisions\/5609"}],"wp:attachment":[{"href":"https:\/\/caminosinteriores.com\/index.php\/wp-json\/wp\/v2\/media?parent=1316"}],"curies":[{"name":"wp","href":"https:\/\/api.w.org\/{rel}","templated":true}]}}